{"id":242,"date":"2025-01-14T15:50:04","date_gmt":"2025-01-14T15:50:04","guid":{"rendered":"https:\/\/creabeaddesign.com\/?page_id=242"},"modified":"2025-01-31T07:31:49","modified_gmt":"2025-01-31T07:31:49","slug":"rolam","status":"publish","type":"page","link":"https:\/\/creabeaddesign.com\/en\/rolam\/","title":{"rendered":"About me"},"content":{"rendered":"<p>[et_pb_section fb_built=&#8221;1&#8243; _builder_version=&#8221;4.27.4&#8243; _module_preset=&#8221;default&#8221; custom_padding=&#8221;0px||0px||true|false&#8221; global_colors_info=&#8221;{}&#8221;][et_pb_row column_structure=&#8221;1_3,2_3&#8243; use_custom_gutter=&#8221;on&#8221; gutter_width=&#8221;1&#8243; make_equal=&#8221;on&#8221; _builder_version=&#8221;4.27.4&#8243; _module_preset=&#8221;default&#8221; width=&#8221;100%&#8221; max_width=&#8221;2560px&#8221; height=&#8221;690px&#8221; height_tablet=&#8221;690px&#8221; height_phone=&#8221;auto&#8221; height_last_edited=&#8221;on|phone&#8221; custom_padding=&#8221;0px||0px||false|false&#8221; global_colors_info=&#8221;{}&#8221;][et_pb_column type=&#8221;1_3&#8243; _builder_version=&#8221;4.27.4&#8243; _module_preset=&#8221;default&#8221; background_image=&#8221;https:\/\/creabeaddesign.com\/wp-content\/uploads\/2025\/01\/IMG_9445-copy_y-1.jpg&#8221; background_position=&#8221;top_center&#8221; custom_padding=&#8221;||||false|false&#8221; border_color_bottom=&#8221;#FFFFFF&#8221; border_width_right_tablet=&#8221;&#8221; border_width_right_phone=&#8221;5px&#8221; border_width_right_last_edited=&#8221;on|phone&#8221; border_color_right_tablet=&#8221;&#8221; border_color_right_phone=&#8221;#FFFFFF&#8221; border_color_right_last_edited=&#8221;on|phone&#8221; border_width_bottom_tablet=&#8221;&#8221; border_width_bottom_phone=&#8221;5px&#8221; border_width_bottom_last_edited=&#8221;on|phone&#8221; border_width_left_tablet=&#8221;&#8221; border_width_left_phone=&#8221;5px&#8221; border_width_left_last_edited=&#8221;on|phone&#8221; border_color_left_tablet=&#8221;&#8221; border_color_left_phone=&#8221;#FFFFFF&#8221; border_color_left_last_edited=&#8221;on|phone&#8221; global_colors_info=&#8221;{}&#8221;][et_pb_code _builder_version=&#8221;4.27.4&#8243; _module_preset=&#8221;default&#8221; custom_margin=&#8221;||650px||false|false&#8221; global_colors_info=&#8221;{}&#8221;][\/et_pb_code][\/et_pb_column][et_pb_column type=&#8221;2_3&#8243; _builder_version=&#8221;4.27.4&#8243; _module_preset=&#8221;default&#8221; background_color=&#8221;gcid-primary-color&#8221; custom_padding=&#8221;100px||100px|10px|true|false&#8221; custom_css_main_element=&#8221;display: flex;||flex-direction:column;||justify-content: space-between;||align-items: flex-start;&#8221; border_color_all=&#8221;#FFFFFF&#8221; border_width_right=&#8221;5px&#8221; border_width_left=&#8221;5px&#8221; border_color_left=&#8221;#FFFFFF&#8221; global_colors_info=&#8221;{%22gcid-primary-color%22:%91%22background_color%22%93}&#8221;][et_pb_image src=&#8221;https:\/\/creabeaddesign.com\/wp-content\/uploads\/2025\/01\/Nevtelen-1000-x-650-keppont-1.png&#8221; title_text=&#8221;N\u00e9vtelen (1000 x 650 k\u00e9ppont) (1)&#8221; _builder_version=&#8221;4.27.4&#8243; _module_preset=&#8221;default&#8221; max_width=&#8221;25%&#8221; max_width_tablet=&#8221;35%&#8221; max_width_phone=&#8221;45%&#8221; max_width_last_edited=&#8221;on|phone&#8221; custom_margin=&#8221;|||60px|false|false&#8221; global_colors_info=&#8221;{}&#8221;][\/et_pb_image][et_pb_text _builder_version=&#8221;4.27.4&#8243; _module_preset=&#8221;default&#8221; text_font=&#8221;BonVivantRegular||||||||&#8221; text_text_color=&#8221;#dbb42c&#8221; text_font_size=&#8221;55px&#8221; text_line_height=&#8221;0.8em&#8221; custom_margin=&#8221;|60px||60px|false|true&#8221; custom_margin_tablet=&#8221;|60px||60px|false|true&#8221; custom_margin_phone=&#8221;40px|60px||60px|false|true&#8221; custom_margin_last_edited=&#8221;on|phone&#8221; global_colors_info=&#8221;{}&#8221;]<\/p>\n<p>F\u00fcst\u00f6s\u00a0 Fanni<\/p>\n<p>[\/et_pb_text][et_pb_text _builder_version=&#8221;4.27.4&#8243; _module_preset=&#8221;default&#8221; text_font=&#8221;Poppins|200|||||||&#8221; text_text_color=&#8221;#FFFFFF&#8221; text_font_size=&#8221;16px&#8221; text_line_height=&#8221;1.2em&#8221; custom_margin=&#8221;40px|||60px|false|false&#8221; custom_margin_tablet=&#8221;40px|||60px|false|false&#8221; custom_margin_phone=&#8221;|60px||60px|false|true&#8221; custom_margin_last_edited=&#8221;on|phone&#8221; custom_padding=&#8221;|60px|||false|false&#8221; custom_padding_tablet=&#8221;|60px|||false|false&#8221; custom_padding_phone=&#8221;|0px|||false|false&#8221; custom_padding_last_edited=&#8221;on|phone&#8221; text_orientation_tablet=&#8221;&#8221; text_orientation_phone=&#8221;justified&#8221; text_orientation_last_edited=&#8221;on|phone&#8221; global_colors_info=&#8221;{}&#8221;]<\/p>\n<p><strong>Fabra-F\u00fcst\u00f6s Fanni vagyok, egyedi tervez\u00e9s\u0171 k\u00e9zm\u0171ves \u00e9kszerk\u00e9sz\u00edt\u0151.<\/strong><\/p>\n<p>1991-ben sz\u00fclettem Miskolcon, jelenleg Budapesten \u00e9lek a csal\u00e1dommal. Sportmenedzserk\u00e9nt \u00e9s rekre\u00e1ci\u00f3- \u00e9s eg\u00e9szs\u00e9gfejleszt\u0151 szakemberk\u00e9nt v\u00e9geztem, de szenved\u00e9lyem, a k\u00e9zm\u0171vess\u00e9g \u00e9s az alkot\u00e1s v\u00e9gigk\u00eds\u00e9rte az \u00e9letemet. T\u00f6bb \u00e9vet \u00e9ltem Spanyolorsz\u00e1gban, ahol a helyi kult\u00fara m\u00e9lyen inspir\u00e1lt, \u00e9s ahol megismertem a f\u00e9rjemet is.<\/p>\n<p>2022 \u00f3ta f\u0151\u00e1ll\u00e1s\u00fa k\u00e9zm\u0171ves v\u00e1llalkoz\u00f3k\u00e9nt dolgozom, a Creabead Design nev\u0171 m\u00e1rk\u00e1m \u00e9gisze alatt. Egyedi tervez\u00e9s\u0171 gy\u00f6ngy\u00e9kszereim a magyar, k\u00fcl\u00f6n\u00f6sen a maty\u00f3 n\u00e9pm\u0171v\u00e9szet \u00e9s a spanyol kult\u00fara elemeit \u00f6tv\u00f6zik a term\u00e9szet ihlette form\u00e1kkal, modern \u00e9s figyelemfelkelt\u0151 form\u00e1ban. Folyamatosan fejlesztem tud\u00e1somat, \u00faj technik\u00e1kat saj\u00e1t\u00edtok el, hogy mindig a legjobb min\u0151s\u00e9g\u0171 \u00e9s legk\u00fcl\u00f6nlegesebb alkot\u00e1sokat k\u00e9sz\u00edthessem.<\/p>\n<p>[\/et_pb_text][\/et_pb_column][\/et_pb_row][\/et_pb_section][et_pb_section fb_built=&#8221;1&#8243; _builder_version=&#8221;4.27.4&#8243; _module_preset=&#8221;default&#8221; custom_margin=&#8221;0px||||false|false&#8221; custom_padding=&#8221;0px||5px||false|false&#8221; border_width_top=&#8221;5px&#8221; border_color_top=&#8221;#FFFFFF&#8221; global_colors_info=&#8221;{}&#8221;][et_pb_row column_structure=&#8221;1_3,1_3,1_3&#8243; use_custom_gutter=&#8221;on&#8221; gutter_width=&#8221;1&#8243; make_equal=&#8221;on&#8221; _builder_version=&#8221;4.27.4&#8243; _module_preset=&#8221;default&#8221; width=&#8221;100%&#8221; max_width=&#8221;2560px&#8221; custom_padding=&#8221;0px||0px||false|false&#8221; global_colors_info=&#8221;{}&#8221;][et_pb_column type=&#8221;1_3&#8243; _builder_version=&#8221;4.27.4&#8243; _module_preset=&#8221;default&#8221; background_color=&#8221;gcid-primary-color&#8221; custom_padding=&#8221;80px||80px||true|false&#8221; custom_css_main_element=&#8221;display: flex;||flex-direction:column;||justify-content: space-between;||align-items: flex-start;&#8221; border_color_right=&#8221;#FFFFFF&#8221; border_color_bottom=&#8221;#FFFFFF&#8221; border_color_left=&#8221;#FFFFFF&#8221; border_width_right_tablet=&#8221;&#8221; border_width_right_phone=&#8221;5px&#8221; border_width_right_last_edited=&#8221;on|phone&#8221; border_width_bottom_tablet=&#8221;&#8221; border_width_bottom_phone=&#8221;5px&#8221; border_width_bottom_last_edited=&#8221;on|phone&#8221; border_width_left_tablet=&#8221;&#8221; border_width_left_phone=&#8221;5px&#8221; border_width_left_last_edited=&#8221;on|phone&#8221; global_colors_info=&#8221;{%22gcid-primary-color%22:%91%22background_color%22%93}&#8221;][et_pb_text _builder_version=&#8221;4.27.4&#8243; _module_preset=&#8221;default&#8221; text_font=&#8221;BonVivantRegular|500|||||||&#8221; text_text_color=&#8221;#dbb42c&#8221; text_font_size=&#8221;55px&#8221; text_line_height=&#8221;0.8em&#8221; custom_margin=&#8221;|||60px|false|false&#8221; custom_margin_tablet=&#8221;|||60px|false|false&#8221; custom_margin_phone=&#8221;|60px|||false|false&#8221; custom_margin_last_edited=&#8221;on|phone&#8221; text_orientation_tablet=&#8221;&#8221; text_orientation_phone=&#8221;center&#8221; text_orientation_last_edited=&#8221;on|phone&#8221; global_colors_info=&#8221;{}&#8221;]<\/p>\n<p>CreaBead Design<\/p>\n<p>[\/et_pb_text][et_pb_text _builder_version=&#8221;4.27.4&#8243; _module_preset=&#8221;default&#8221; text_font=&#8221;Poppins|200|||||||&#8221; text_text_color=&#8221;#FFFFFF&#8221; text_font_size=&#8221;16px&#8221; text_line_height=&#8221;1.2em&#8221; custom_margin=&#8221;40px|||60px|false|false&#8221; custom_margin_tablet=&#8221;40px|||60px|false|false&#8221; custom_margin_phone=&#8221;|60px|||false|false&#8221; custom_margin_last_edited=&#8221;on|phone&#8221; custom_padding=&#8221;|60px|||false|false&#8221; custom_padding_tablet=&#8221;|60px|||false|false&#8221; custom_padding_phone=&#8221;|0px|||false|false&#8221; custom_padding_last_edited=&#8221;on|phone&#8221; hover_enabled=&#8221;0&#8243; text_orientation_tablet=&#8221;&#8221; text_orientation_phone=&#8221;justified&#8221; text_orientation_last_edited=&#8221;on|phone&#8221; global_colors_info=&#8221;{}&#8221; sticky_enabled=&#8221;0&#8243;]<\/p>\n<p>Tagja vagyok a Maty\u00f3 N\u00e9pm\u0171v\u00e9szeti Egyes\u00fcletnek, munk\u00e1immal rendszeresen r\u00e9szt veszek hazai \u00e9s nemzetk\u00f6zi esem\u00e9nyeken, p\u00e9ld\u00e1ul a N\u00e9pm\u0171v\u00e9szeti Egyes\u00fcletek Sz\u00f6vets\u00e9ge \u00e1ltal szervezett Mesters\u00e9gek \u00dcnnep\u00e9n. 2024-ben k\u00fcl\u00f6n\u00f6sen b\u00fcszke voltam arra, hogy \u00e9kszereim \u00f6t divatbemutat\u00f3n is szerepelhettek, k\u00f6zt\u00fck a Budapest Fashion Weeken, valamint k\u00e9tszer l\u00e1that\u00f3k voltak a Divat \u00e9s Design magazinban.<\/p>\n<p>H\u00e1l\u00e1s vagyok, hogy az alkot\u00e1saimmal hozz\u00e1j\u00e1rulhatok a tradicion\u00e1lis mot\u00edvumok n\u00e9pszer\u0171s\u00edt\u00e9s\u00e9hez, \u00e9s hiszem, hogy a k\u00f6z\u00f6s munk\u00e1val mindig t\u00f6bbet \u00e9rhet\u00fcnk el. Sz\u00e1momra a kreat\u00edv egy\u00fcttm\u0171k\u00f6d\u00e9sek nemcsak inspir\u00e1l\u00f3ak, hanem lehet\u0151s\u00e9get is teremtenek arra, hogy a legjobbat hozzam ki magamb\u00f3l \u00e9s m\u00e1sokb\u00f3l is.<\/p>\n<p>C\u00e9lom, hogy m\u0171v\u00e9szeti alkot\u00e1saimmal \u00e9rt\u00e9ket teremtsek, \u00e9s bemutassam a k\u00e9zm\u0171vess\u00e9g sz\u00e9ps\u00e9g\u00e9t a mai kor divatos, modern form\u00e1j\u00e1ban.<\/p>\n<p>[\/et_pb_text][\/et_pb_column][et_pb_column type=&#8221;1_3&#8243; _builder_version=&#8221;4.27.4&#8243; _module_preset=&#8221;default&#8221; background_image=&#8221;https:\/\/creabeaddesign.com\/wp-content\/uploads\/2025\/01\/2024_216.jpg&#8221; custom_padding=&#8221;||||true|false&#8221; border_width_right=&#8221;2px&#8221; border_color_right=&#8221;#FFFFFF&#8221; border_width_left=&#8221;5px&#8221; border_color_left=&#8221;#FFFFFF&#8221; border_width_right_tablet=&#8221;2px&#8221; border_width_right_phone=&#8221;5px&#8221; border_width_right_last_edited=&#8221;on|phone&#8221; global_colors_info=&#8221;{}&#8221;][et_pb_code _builder_version=&#8221;4.27.4&#8243; _module_preset=&#8221;default&#8221; custom_margin=&#8221;||||false|false&#8221; custom_margin_tablet=&#8221;||||false|false&#8221; custom_margin_phone=&#8221;||450px||false|false&#8221; custom_margin_last_edited=&#8221;on|phone&#8221; global_colors_info=&#8221;{}&#8221;][\/et_pb_code][\/et_pb_column][et_pb_column type=&#8221;1_3&#8243; _builder_version=&#8221;4.27.4&#8243; _module_preset=&#8221;default&#8221; background_image=&#8221;https:\/\/creabeaddesign.com\/wp-content\/uploads\/2025\/01\/2024_119-1.jpg&#8221; background_position=&#8221;bottom_center&#8221; background_vertical_offset=&#8221;30%&#8221; border_width_top=&#8221;5px&#8221; border_color_top=&#8221;#FFFFFF&#8221; border_color_right=&#8221;#FFFFFF&#8221; border_width_left=&#8221;4px&#8221; border_color_left=&#8221;#FFFFFF&#8221; border_width_top_tablet=&#8221;5px&#8221; border_width_top_phone=&#8221;5px&#8221; border_width_top_last_edited=&#8221;on|phone&#8221; border_width_right_tablet=&#8221;&#8221; border_width_right_phone=&#8221;5px&#8221; border_width_right_last_edited=&#8221;on|phone&#8221; global_colors_info=&#8221;{}&#8221;][et_pb_code _builder_version=&#8221;4.27.4&#8243; _module_preset=&#8221;default&#8221; custom_margin=&#8221;||||false|false&#8221; custom_margin_tablet=&#8221;||||false|false&#8221; custom_margin_phone=&#8221;||450px||false|false&#8221; custom_margin_last_edited=&#8221;on|phone&#8221; global_colors_info=&#8221;{}&#8221;][\/et_pb_code][\/et_pb_column][\/et_pb_row][\/et_pb_section]<\/p>\n","protected":false},"excerpt":{"rendered":"<p>F\u00fcst\u00f6s\u00a0 FanniFabra-F\u00fcst\u00f6s Fanni vagyok, egyedi tervez\u00e9s\u0171 k\u00e9zm\u0171ves \u00e9kszerk\u00e9sz\u00edt\u0151. 1991-ben sz\u00fclettem Miskolcon, jelenleg Budapesten \u00e9lek a csal\u00e1dommal. Sportmenedzserk\u00e9nt \u00e9s rekre\u00e1ci\u00f3- \u00e9s eg\u00e9szs\u00e9gfejleszt\u0151 szakemberk\u00e9nt v\u00e9geztem, de szenved\u00e9lyem, a k\u00e9zm\u0171vess\u00e9g \u00e9s az alkot\u00e1s v\u00e9gigk\u00eds\u00e9rte az \u00e9letemet. T\u00f6bb \u00e9vet \u00e9ltem Spanyolorsz\u00e1gban, ahol a helyi kult\u00fara m\u00e9lyen inspir\u00e1lt, \u00e9s ahol megismertem a f\u00e9rjemet is. 2022 \u00f3ta f\u0151\u00e1ll\u00e1s\u00fa k\u00e9zm\u0171ves v\u00e1llalkoz\u00f3k\u00e9nt dolgozom, [&hellip;]<\/p>\n","protected":false},"author":1,"featured_media":0,"parent":0,"menu_order":0,"comment_status":"closed","ping_status":"closed","template":"","meta":{"_et_pb_use_builder":"on","_et_pb_old_content":"","_et_gb_content_width":"","footnotes":""},"class_list":["post-242","page","type-page","status-publish","hentry"],"_links":{"self":[{"href":"https:\/\/creabeaddesign.com\/en\/wp-json\/wp\/v2\/pages\/242","targetHints":{"allow":["GET"]}}],"collection":[{"href":"https:\/\/creabeaddesign.com\/en\/wp-json\/wp\/v2\/pages"}],"about":[{"href":"https:\/\/creabeaddesign.com\/en\/wp-json\/wp\/v2\/types\/page"}],"author":[{"embeddable":true,"href":"https:\/\/creabeaddesign.com\/en\/wp-json\/wp\/v2\/users\/1"}],"replies":[{"embeddable":true,"href":"https:\/\/creabeaddesign.com\/en\/wp-json\/wp\/v2\/comments?post=242"}],"version-history":[{"count":22,"href":"https:\/\/creabeaddesign.com\/en\/wp-json\/wp\/v2\/pages\/242\/revisions"}],"predecessor-version":[{"id":844,"href":"https:\/\/creabeaddesign.com\/en\/wp-json\/wp\/v2\/pages\/242\/revisions\/844"}],"wp:attachment":[{"href":"https:\/\/creabeaddesign.com\/en\/wp-json\/wp\/v2\/media?parent=242"}],"curies":[{"name":"wp","href":"https:\/\/api.w.org\/{rel}","templated":true}]}}