{"id":251,"date":"2025-01-14T16:00:05","date_gmt":"2025-01-14T16:00:05","guid":{"rendered":"https:\/\/creabeaddesign.com\/?page_id=251"},"modified":"2025-01-30T10:00:12","modified_gmt":"2025-01-30T10:00:12","slug":"kapcsolat","status":"publish","type":"page","link":"https:\/\/creabeaddesign.com\/en\/kapcsolat\/","title":{"rendered":"Contact"},"content":{"rendered":"<p>[et_pb_section fb_built=&#8221;1&#8243; _builder_version=&#8221;4.27.4&#8243; _module_preset=&#8221;default&#8221; custom_margin=&#8221;0px||||false|false&#8221; custom_padding=&#8221;0px||0px||false|false&#8221; border_color_top=&#8221;#FFFFFF&#8221; global_colors_info=&#8221;{}&#8221;][et_pb_row column_structure=&#8221;1_3,1_3,1_3&#8243; use_custom_gutter=&#8221;on&#8221; gutter_width=&#8221;1&#8243; make_equal=&#8221;on&#8221; _builder_version=&#8221;4.27.4&#8243; _module_preset=&#8221;default&#8221; width=&#8221;100%&#8221; max_width=&#8221;2560px&#8221; height=&#8221;500px&#8221; custom_padding=&#8221;0px||0px||false|false&#8221; global_colors_info=&#8221;{}&#8221;][et_pb_column type=&#8221;1_3&#8243; _builder_version=&#8221;4.27.4&#8243; _module_preset=&#8221;default&#8221; background_color=&#8221;gcid-primary-color&#8221; custom_padding=&#8221;120px||120px||true|false&#8221; border_color_right=&#8221;#FFFFFF&#8221; border_color_bottom=&#8221;#FFFFFF&#8221; border_color_left=&#8221;#FFFFFF&#8221; border_width_right_tablet=&#8221;&#8221; border_width_right_phone=&#8221;5px&#8221; border_width_right_last_edited=&#8221;on|phone&#8221; border_width_bottom_tablet=&#8221;&#8221; border_width_bottom_phone=&#8221;5px&#8221; border_width_bottom_last_edited=&#8221;on|phone&#8221; border_width_left_tablet=&#8221;&#8221; border_width_left_phone=&#8221;5px&#8221; border_width_left_last_edited=&#8221;on|phone&#8221; global_colors_info=&#8221;{%22gcid-primary-color%22:%91%22background_color%22%93}&#8221;][et_pb_text _builder_version=&#8221;4.27.4&#8243; _module_preset=&#8221;default&#8221; text_font=&#8221;BonVivantRegular|500|||||||&#8221; text_text_color=&#8221;#dbb42c&#8221; text_font_size=&#8221;55px&#8221; text_line_height=&#8221;0.8em&#8221; custom_margin=&#8221;|||60px|false|false&#8221; hover_enabled=&#8221;0&#8243; global_colors_info=&#8221;{}&#8221; sticky_enabled=&#8221;0&#8243;]<\/p>\n<p>Tervezz\u00fcnk egy\u00fctt!<\/p>\n<p>[\/et_pb_text][et_pb_text _builder_version=&#8221;4.27.4&#8243; _module_preset=&#8221;default&#8221; text_font=&#8221;Poppins|200|||||||&#8221; text_text_color=&#8221;#FFFFFF&#8221; text_font_size=&#8221;16px&#8221; text_line_height=&#8221;1.2em&#8221; custom_margin=&#8221;30px|||60px|false|false&#8221; custom_padding=&#8221;|60px|||false|false&#8221; global_colors_info=&#8221;{}&#8221;]<\/p>\n<p>Ha van egy egyedi elk\u00e9pzel\u00e9sed, vagy szeretn\u00e9l egy darabot m\u00e1s sz\u00ednben l\u00e1tni, ne habozz megosztani velem!<\/p>\n<p>Engedd szabadj\u00e1ra a kreativit\u00e1sodat, \u00edrj b\u00e1tran, \u00e9s k\u00f6z\u00f6sen megtervezz\u00fck \u00e1lmaid \u00e9kszer\u00e9t!<\/p>\n<p>[\/et_pb_text][et_pb_text _builder_version=&#8221;4.27.4&#8243; _module_preset=&#8221;default&#8221; text_font=&#8221;Poppins|200|||||||&#8221; text_text_color=&#8221;#FFFFFF&#8221; text_font_size=&#8221;16px&#8221; text_line_height=&#8221;1.2em&#8221; custom_margin=&#8221;30px|||60px|false|false&#8221; custom_padding=&#8221;|60px|||false|false&#8221; global_colors_info=&#8221;{}&#8221;]<\/p>\n<p><span>+36 70 387 0219<\/span><\/p>\n<p>[\/et_pb_text][et_pb_text _builder_version=&#8221;4.27.4&#8243; _module_preset=&#8221;default&#8221; text_font=&#8221;Poppins|200|||||||&#8221; text_text_color=&#8221;#FFFFFF&#8221; text_font_size=&#8221;16px&#8221; text_line_height=&#8221;1.2em&#8221; custom_margin=&#8221;10px|||60px|false|false&#8221; custom_padding=&#8221;|60px|||false|false&#8221; link_option_url=&#8221;mailto:creabeading@gmail.com&#8221; global_colors_info=&#8221;{}&#8221;]<\/p>\n<p>creabeading@gmail.com<\/p>\n<p>[\/et_pb_text][\/et_pb_column][et_pb_column type=&#8221;1_3&#8243; _builder_version=&#8221;4.27.4&#8243; _module_preset=&#8221;default&#8221; background_color=&#8221;gcid-primary-color&#8221; custom_padding=&#8221;80px||80px||true|false&#8221; border_color_right=&#8221;#FFFFFF&#8221; border_color_bottom=&#8221;#FFFFFF&#8221; border_width_left=&#8221;5px&#8221; border_color_left=&#8221;#FFFFFF&#8221; border_width_right_tablet=&#8221;&#8221; border_width_right_phone=&#8221;5px&#8221; border_width_right_last_edited=&#8221;on|phone&#8221; border_width_bottom_tablet=&#8221;&#8221; border_width_bottom_phone=&#8221;5px&#8221; border_width_bottom_last_edited=&#8221;on|phone&#8221; global_colors_info=&#8221;{%22gcid-primary-color%22:%91%22background_color%22%93}&#8221;][et_pb_text _builder_version=&#8221;4.27.4&#8243; _module_preset=&#8221;default&#8221; text_font=&#8221;BonVivantRegular|500|||||||&#8221; text_text_color=&#8221;#dbb42c&#8221; text_font_size=&#8221;55px&#8221; text_line_height=&#8221;0.8em&#8221; text_orientation=&#8221;center&#8221; custom_margin=&#8221;||||false|false&#8221; hover_enabled=&#8221;0&#8243; global_colors_info=&#8221;{}&#8221; sticky_enabled=&#8221;0&#8243;]<\/p>\n<p>\u00cdrj nekem<\/p>\n<p>[\/et_pb_text][et_pb_contact_form captcha=&#8221;off&#8221; email=&#8221;creabeading@gmail.com&#8221; custom_message=&#8221;%%name%%||et_pb_line_break_holder||||et_pb_line_break_holder||%%Email%%||et_pb_line_break_holder||%%Message%%&#8221; _builder_version=&#8221;4.27.4&#8243; _module_preset=&#8221;default&#8221; _unique_id=&#8221;799ff847-e004-41b6-ab30-c3cbd17a9f79&#8243; form_field_background_color=&#8221;#FFFFFF&#8221; form_field_font=&#8221;Poppins||||||||&#8221; form_field_text_align=&#8221;left&#8221; custom_button=&#8221;on&#8221; button_text_size=&#8221;16px&#8221; button_text_color=&#8221;#FFFFFF&#8221; button_border_radius=&#8221;0px&#8221; button_font=&#8221;Poppins||||||||&#8221; custom_margin=&#8221;40px|85px||85px|false|true&#8221; custom_margin_tablet=&#8221;40px|85px||85px|false|true&#8221; custom_margin_phone=&#8221;|50px||50px|false|true&#8221; custom_margin_last_edited=&#8221;on|phone&#8221; global_colors_info=&#8221;{}&#8221;][et_pb_contact_field field_id=&#8221;Name&#8221; field_title=&#8221;N\u00e9v&#8221; _builder_version=&#8221;4.16&#8243; global_colors_info=&#8221;{}&#8221; button_text_size__hover_enabled=&#8221;off&#8221; button_one_text_size__hover_enabled=&#8221;off&#8221; button_two_text_size__hover_enabled=&#8221;off&#8221; button_text_color__hover_enabled=&#8221;off&#8221; button_one_text_color__hover_enabled=&#8221;off&#8221; button_two_text_color__hover_enabled=&#8221;off&#8221; button_border_width__hover_enabled=&#8221;off&#8221; button_one_border_width__hover_enabled=&#8221;off&#8221; button_two_border_width__hover_enabled=&#8221;off&#8221; button_border_color__hover_enabled=&#8221;off&#8221; button_one_border_color__hover_enabled=&#8221;off&#8221; button_two_border_color__hover_enabled=&#8221;off&#8221; button_border_radius__hover_enabled=&#8221;off&#8221; button_one_border_radius__hover_enabled=&#8221;off&#8221; button_two_border_radius__hover_enabled=&#8221;off&#8221; button_letter_spacing__hover_enabled=&#8221;off&#8221; button_one_letter_spacing__hover_enabled=&#8221;off&#8221; button_two_letter_spacing__hover_enabled=&#8221;off&#8221; button_bg_color__hover_enabled=&#8221;off&#8221; button_one_bg_color__hover_enabled=&#8221;off&#8221; button_two_bg_color__hover_enabled=&#8221;off&#8221;][\/et_pb_contact_field][et_pb_contact_field field_id=&#8221;Email&#8221; field_title=&#8221;Email c\u00edm&#8221; field_type=&#8221;email&#8221; _builder_version=&#8221;4.16&#8243; global_colors_info=&#8221;{}&#8221; button_text_size__hover_enabled=&#8221;off&#8221; button_one_text_size__hover_enabled=&#8221;off&#8221; button_two_text_size__hover_enabled=&#8221;off&#8221; button_text_color__hover_enabled=&#8221;off&#8221; button_one_text_color__hover_enabled=&#8221;off&#8221; button_two_text_color__hover_enabled=&#8221;off&#8221; button_border_width__hover_enabled=&#8221;off&#8221; button_one_border_width__hover_enabled=&#8221;off&#8221; button_two_border_width__hover_enabled=&#8221;off&#8221; button_border_color__hover_enabled=&#8221;off&#8221; button_one_border_color__hover_enabled=&#8221;off&#8221; button_two_border_color__hover_enabled=&#8221;off&#8221; button_border_radius__hover_enabled=&#8221;off&#8221; button_one_border_radius__hover_enabled=&#8221;off&#8221; button_two_border_radius__hover_enabled=&#8221;off&#8221; button_letter_spacing__hover_enabled=&#8221;off&#8221; button_one_letter_spacing__hover_enabled=&#8221;off&#8221; button_two_letter_spacing__hover_enabled=&#8221;off&#8221; button_bg_color__hover_enabled=&#8221;off&#8221; button_one_bg_color__hover_enabled=&#8221;off&#8221; button_two_bg_color__hover_enabled=&#8221;off&#8221;][\/et_pb_contact_field][et_pb_contact_field field_id=&#8221;Message&#8221; field_title=&#8221;\u00dczenet&#8221; field_type=&#8221;text&#8221; fullwidth_field=&#8221;on&#8221; _builder_version=&#8221;4.16&#8243; global_colors_info=&#8221;{}&#8221; button_text_size__hover_enabled=&#8221;off&#8221; button_one_text_size__hover_enabled=&#8221;off&#8221; button_two_text_size__hover_enabled=&#8221;off&#8221; button_text_color__hover_enabled=&#8221;off&#8221; button_one_text_color__hover_enabled=&#8221;off&#8221; button_two_text_color__hover_enabled=&#8221;off&#8221; button_border_width__hover_enabled=&#8221;off&#8221; button_one_border_width__hover_enabled=&#8221;off&#8221; button_two_border_width__hover_enabled=&#8221;off&#8221; button_border_color__hover_enabled=&#8221;off&#8221; button_one_border_color__hover_enabled=&#8221;off&#8221; button_two_border_color__hover_enabled=&#8221;off&#8221; button_border_radius__hover_enabled=&#8221;off&#8221; button_one_border_radius__hover_enabled=&#8221;off&#8221; button_two_border_radius__hover_enabled=&#8221;off&#8221; button_letter_spacing__hover_enabled=&#8221;off&#8221; button_one_letter_spacing__hover_enabled=&#8221;off&#8221; button_two_letter_spacing__hover_enabled=&#8221;off&#8221; button_bg_color__hover_enabled=&#8221;off&#8221; button_one_bg_color__hover_enabled=&#8221;off&#8221; button_two_bg_color__hover_enabled=&#8221;off&#8221;][\/et_pb_contact_field][\/et_pb_contact_form][\/et_pb_column][et_pb_column type=&#8221;1_3&#8243; disabled_on=&#8221;on|on|off&#8221; _builder_version=&#8221;4.27.4&#8243; _module_preset=&#8221;default&#8221; background_image=&#8221;https:\/\/creabeaddesign.com\/wp-content\/uploads\/2025\/01\/2024_90.jpg&#8221; border_color_right=&#8221;#FFFFFF&#8221; border_color_bottom=&#8221;#FFFFFF&#8221; border_width_left=&#8221;5px&#8221; border_color_left=&#8221;#FFFFFF&#8221; border_width_all_tablet=&#8221;&#8221; border_width_all_phone=&#8221;0px&#8221; border_width_all_last_edited=&#8221;on|phone&#8221; border_width_right_tablet=&#8221;&#8221; border_width_right_phone=&#8221;5px&#8221; border_width_right_last_edited=&#8221;on|phone&#8221; border_width_bottom_tablet=&#8221;&#8221; border_width_bottom_phone=&#8221;5px&#8221; border_width_bottom_last_edited=&#8221;on|phone&#8221; global_colors_info=&#8221;{}&#8221;][\/et_pb_column][\/et_pb_row][\/et_pb_section][et_pb_section fb_built=&#8221;1&#8243; _builder_version=&#8221;4.27.4&#8243; _module_preset=&#8221;default&#8221; background_color=&#8221;gcid-primary-color&#8221; custom_padding=&#8221;25px||25px||true|false&#8221; border_color_all=&#8221;#FFFFFF&#8221; border_width_top=&#8221;5px&#8221; border_width_bottom=&#8221;5px&#8221; global_colors_info=&#8221;{%22gcid-primary-color%22:%91%22background_color%22%93}&#8221;][et_pb_row custom_padding_last_edited=&#8221;on|phone&#8221; _builder_version=&#8221;4.27.4&#8243; _module_preset=&#8221;default&#8221; custom_margin_tablet=&#8221;&#8221; custom_margin_phone=&#8221;&#8221; custom_margin_last_edited=&#8221;on|phone&#8221; custom_padding_tablet=&#8221;&#8221; custom_padding_phone=&#8221;||||true|false&#8221; global_colors_info=&#8221;{}&#8221;][et_pb_column type=&#8221;4_4&#8243; _builder_version=&#8221;4.27.4&#8243; _module_preset=&#8221;default&#8221; custom_padding_tablet=&#8221;&#8221; custom_padding_phone=&#8221;&#8221; custom_padding_last_edited=&#8221;on|phone&#8221; global_colors_info=&#8221;{}&#8221;][et_pb_text _builder_version=&#8221;4.27.4&#8243; _module_preset=&#8221;default&#8221; text_font=&#8221;BonVivantRegular|500|||||||&#8221; text_text_color=&#8221;#dbb42c&#8221; text_font_size=&#8221;50px&#8221; text_line_height=&#8221;0.8em&#8221; text_orientation=&#8221;center&#8221; custom_margin=&#8221;|||60px|false|false&#8221; custom_margin_tablet=&#8221;|||60px|false|false&#8221; custom_margin_phone=&#8221;50px||0px|0px|false|false&#8221; custom_margin_last_edited=&#8221;on|phone&#8221; hover_enabled=&#8221;0&#8243; global_colors_info=&#8221;{}&#8221; sticky_enabled=&#8221;0&#8243;]<\/p>\n<p>K\u00e9zzel k\u00e9sz\u00fclt \u00e9kszerek<\/p>\n<p>[\/et_pb_text][\/et_pb_column][\/et_pb_row][et_pb_row use_custom_gutter=&#8221;on&#8221; gutter_width=&#8221;2&#8243; module_class=&#8221;wpz-gallery-masonry&#8221; _builder_version=&#8221;4.27.4&#8243; _module_preset=&#8221;default&#8221; width=&#8221;100%&#8221; max_width=&#8221;2560px&#8221; custom_margin=&#8221;|auto||auto|false|false&#8221; global_colors_info=&#8221;{}&#8221;][et_pb_column type=&#8221;4_4&#8243; _builder_version=&#8221;4.26.1&#8243; _module_preset=&#8221;default&#8221; global_colors_info=&#8221;{}&#8221;][et_pb_gallery gallery_ids=&#8221;568,569,570,571,572,573,574,575,576,577,578,579,580,581,582,583,584,585,586,587,588,589,590,591,592,593,594,595,596,597,598,599,600,601,602,603,604,605,606,607,608,609,610,611,612,613,614,615,616,617&#8243; posts_number=&#8221;150&#8243; orientation=&#8221;portrait&#8221; show_title_and_caption=&#8221;off&#8221; show_pagination=&#8221;off&#8221; zoom_icon_color=&#8221;RGBA(255,255,255,0)&#8221; hover_overlay_color=&#8221;RGBA(255,255,255,0)&#8221; module_class=&#8221;gal1&#8243; _builder_version=&#8221;4.27.4&#8243; _module_preset=&#8221;default&#8221; title_text_color=&#8221;RGBA(255,255,255,0)&#8221; custom_padding=&#8221;0px||0px||false|false&#8221; custom_css_main_element=&#8221;.mfp-title display: none !important;&#8221; custom_css_free_form=&#8221;\/* Alap\u00e9rtelmezett \u00e1llapot *\/||.custom-hover-effect .et_pb_gallery_item img {||  transition: transform 0.3s ease;||}||||\/* Hover \u00e1llapot *\/||.custom-hover-effect .et_pb_gallery_item:hover img {||  transform: scale(1.03);||}||||.mfp-title { ||  display: none !important; ||}||||\/* ||Masonry Gallery by WP Zone||https:\/\/wpzone.co\/wordpress-and-divi-code-snippets\/||*\/||||.wpz-gallery-masonry .et_pb_gallery .et_pb_gallery_items {||    column-count: 4; \/* number of columns for desktop *\/||  \tcolumn-gap: 0px;||}||||@media only screen and (max-width: 1200px) { ||.wpz-gallery-masonry .et_pb_gallery .et_pb_gallery_items { ||    column-count: 2;  \/* number of columns for tablet devices *\/||} ||} ||@media only screen and (max-width: 767px) {||  .wpz-gallery-masonry .et_pb_gallery .et_pb_gallery_items {||    column-count: 1;  \/* number of columns for mobile devices *\/||  }||}||||.wpz-gallery-masonry .et_pb_gallery .et_pb_gallery_items .et_pb_gallery_item {||    width: 100%;||    margin: 0px 0px 0px 0!important; \/* replace 10px to change row spacing *\/||    float: none!important; ||}&#8221; border_width_all=&#8221;3px&#8221; border_color_all=&#8221;#FFFFFF&#8221; global_colors_info=&#8221;{}&#8221;][\/et_pb_gallery][\/et_pb_column][\/et_pb_row][\/et_pb_section]<\/p>\n","protected":false},"excerpt":{"rendered":"<p>Let&#039;s design together! If you have a unique idea or would like to see a piece in a different color, don&#039;t hesitate to share it with me! Unleash your creativity, write boldly, and together we will design the jewelry of your dreams!+36 70 387 0219creabeading@gmail.comWrite to meHandmade jewelry<\/p>","protected":false},"author":1,"featured_media":0,"parent":0,"menu_order":0,"comment_status":"closed","ping_status":"closed","template":"","meta":{"_et_pb_use_builder":"on","_et_pb_old_content":"","_et_gb_content_width":"","footnotes":""},"class_list":["post-251","page","type-page","status-publish","hentry"],"_links":{"self":[{"href":"https:\/\/creabeaddesign.com\/en\/wp-json\/wp\/v2\/pages\/251","targetHints":{"allow":["GET"]}}],"collection":[{"href":"https:\/\/creabeaddesign.com\/en\/wp-json\/wp\/v2\/pages"}],"about":[{"href":"https:\/\/creabeaddesign.com\/en\/wp-json\/wp\/v2\/types\/page"}],"author":[{"embeddable":true,"href":"https:\/\/creabeaddesign.com\/en\/wp-json\/wp\/v2\/users\/1"}],"replies":[{"embeddable":true,"href":"https:\/\/creabeaddesign.com\/en\/wp-json\/wp\/v2\/comments?post=251"}],"version-history":[{"count":16,"href":"https:\/\/creabeaddesign.com\/en\/wp-json\/wp\/v2\/pages\/251\/revisions"}],"predecessor-version":[{"id":837,"href":"https:\/\/creabeaddesign.com\/en\/wp-json\/wp\/v2\/pages\/251\/revisions\/837"}],"wp:attachment":[{"href":"https:\/\/creabeaddesign.com\/en\/wp-json\/wp\/v2\/media?parent=251"}],"curies":[{"name":"wp","href":"https:\/\/api.w.org\/{rel}","templated":true}]}}