{"id":366,"date":"2025-01-17T09:48:23","date_gmt":"2025-01-17T09:48:23","guid":{"rendered":"https:\/\/creabeaddesign.com\/?page_id=366"},"modified":"2025-01-30T10:01:59","modified_gmt":"2025-01-30T10:01:59","slug":"esemenyek","status":"publish","type":"page","link":"https:\/\/creabeaddesign.com\/en\/esemenyek\/","title":{"rendered":"Events"},"content":{"rendered":"<p>[et_pb_section fb_built=&#8221;1&#8243; _builder_version=&#8221;4.27.4&#8243; _module_preset=&#8221;default&#8221; custom_padding=&#8221;0px||0px||true|false&#8221; global_colors_info=&#8221;{}&#8221;][et_pb_row use_custom_gutter=&#8221;on&#8221; gutter_width=&#8221;1&#8243; make_equal=&#8221;on&#8221; _builder_version=&#8221;4.27.4&#8243; _module_preset=&#8221;default&#8221; width=&#8221;100%&#8221; max_width=&#8221;2560px&#8221; custom_padding=&#8221;0px||0px||false|false&#8221; global_colors_info=&#8221;{}&#8221;][et_pb_column type=&#8221;4_4&#8243; _builder_version=&#8221;4.27.4&#8243; _module_preset=&#8221;default&#8221; background_color=&#8221;gcid-primary-color&#8221; custom_padding=&#8221;160px||160px|10px|true|false&#8221; custom_padding_tablet=&#8221;160px||160px|10px|true|false&#8221; custom_padding_phone=&#8221;50px||50px|0px|true|false&#8221; custom_padding_last_edited=&#8221;on|phone&#8221; border_color_all=&#8221;#FFFFFF&#8221; border_width_right=&#8221;5px&#8221; border_width_left=&#8221;5px&#8221; border_color_left=&#8221;#FFFFFF&#8221; global_colors_info=&#8221;{%22gcid-primary-color%22:%91%22background_color%22%93}&#8221;][et_pb_image src=&#8221;https:\/\/creabeaddesign.com\/wp-content\/uploads\/2025\/01\/Nevtelen-1000-x-650-keppont-1.png&#8221; title_text=&#8221;N\u00e9vtelen (1000 x 650 k\u00e9ppont) (1)&#8221; align=&#8221;center&#8221; _builder_version=&#8221;4.27.4&#8243; _module_preset=&#8221;default&#8221; max_width=&#8221;20%&#8221; max_width_tablet=&#8221;20%&#8221; max_width_phone=&#8221;60%&#8221; max_width_last_edited=&#8221;on|phone&#8221; custom_margin=&#8221;||||false|false&#8221; custom_margin_tablet=&#8221;||||false|false&#8221; custom_margin_phone=&#8221;0px||||false|false&#8221; custom_margin_last_edited=&#8221;on|phone&#8221; custom_padding_tablet=&#8221;&#8221; custom_padding_phone=&#8221;0px||||false|false&#8221; custom_padding_last_edited=&#8221;on|phone&#8221; global_colors_info=&#8221;{}&#8221;][\/et_pb_image][et_pb_text _builder_version=&#8221;4.27.4&#8243; _module_preset=&#8221;default&#8221; text_font=&#8221;BonVivantRegular||||||||&#8221; text_text_color=&#8221;#dbb42c&#8221; text_font_size=&#8221;55px&#8221; text_line_height=&#8221;0.8em&#8221; text_orientation=&#8221;center&#8221; custom_margin=&#8221;||||false|true&#8221; custom_margin_tablet=&#8221;||||false|true&#8221; custom_margin_phone=&#8221;25px|0px||0px|false|true&#8221; custom_margin_last_edited=&#8221;on|phone&#8221; custom_padding_tablet=&#8221;&#8221; custom_padding_phone=&#8221;|0px||0px|false|true&#8221; custom_padding_last_edited=&#8221;on|phone&#8221; hover_enabled=&#8221;0&#8243; global_colors_info=&#8221;{}&#8221; sticky_enabled=&#8221;0&#8243;]<\/p>\n<p>Esem\u00e9nyek<\/p>\n<p>[\/et_pb_text][et_pb_text _builder_version=&#8221;4.27.4&#8243; _module_preset=&#8221;default&#8221; text_font=&#8221;Poppins|200|||||||&#8221; text_text_color=&#8221;#FFFFFF&#8221; text_font_size=&#8221;16px&#8221; text_line_height=&#8221;1.2em&#8221; text_orientation=&#8221;center&#8221; max_width=&#8221;60%&#8221; module_alignment=&#8221;center&#8221; custom_margin=&#8221;40px|||60px|false|false&#8221; custom_margin_tablet=&#8221;40px|||60px|false|false&#8221; custom_margin_phone=&#8221;|||0px|false|false&#8221; custom_margin_last_edited=&#8221;on|phone&#8221; custom_padding=&#8221;|60px|||false|false&#8221; custom_padding_tablet=&#8221;|60px|||false|false&#8221; custom_padding_phone=&#8221;|0px|||false|false&#8221; custom_padding_last_edited=&#8221;on|phone&#8221; text_orientation_tablet=&#8221;center&#8221; text_orientation_phone=&#8221;justified&#8221; text_orientation_last_edited=&#8221;on|phone&#8221; global_colors_info=&#8221;{}&#8221;]<\/p>\n<p><span>\u00c9kszereim sz\u00e1mos k\u00fcl\u00f6nleges esem\u00e9nyen \u00e9s \u00fcnnepi alkalmon megjelentek, legyen sz\u00f3 esk\u00fcv\u0151kr\u0151l, \u00e9vfordul\u00f3kr\u00f3l vagy m\u00e1s fontos pillanatokr\u00f3l. Minden egyes darab hozz\u00e1j\u00e1rulhatott ahhoz, hogy azok az esem\u00e9nyek m\u00e9g eml\u00e9kezetesebbek \u00e9s k\u00fcl\u00f6nlegesebbek legyenek. \u00d6r\u00f6m sz\u00e1momra, hogy a Creabead Design \u00e9kszerei olyan fontos pillanatok r\u00e9sz\u00e9v\u00e9 v\u00e1ltak.<\/span><\/p>\n<p>[\/et_pb_text][et_pb_button button_url=&#8221;https:\/\/www.meska.hu\/shop\/CreabeadDesign&#8221; button_text=&#8221;Term\u00e9kek&#8221; button_alignment=&#8221;center&#8221; _builder_version=&#8221;4.27.4&#8243; _module_preset=&#8221;default&#8221; custom_button=&#8221;on&#8221; button_text_size=&#8221;16px&#8221; button_text_color=&#8221;#FFFFFF&#8221; button_border_width=&#8221;2px&#8221; button_border_radius=&#8221;0px&#8221; button_font=&#8221;Poppins||||||||&#8221; custom_margin=&#8221;40px||||false|false&#8221; global_colors_info=&#8221;{}&#8221;][\/et_pb_button][\/et_pb_column][\/et_pb_row][\/et_pb_section][et_pb_section fb_built=&#8221;1&#8243; _builder_version=&#8221;4.27.4&#8243; _module_preset=&#8221;default&#8221; background_color=&#8221;gcid-primary-color&#8221; custom_padding=&#8221;25px||25px||true|false&#8221; border_color_all=&#8221;#FFFFFF&#8221; border_width_top=&#8221;5px&#8221; border_width_bottom=&#8221;5px&#8221; global_colors_info=&#8221;{%22gcid-primary-color%22:%91%22background_color%22%93}&#8221;][et_pb_row _builder_version=&#8221;4.27.4&#8243; _module_preset=&#8221;default&#8221; global_colors_info=&#8221;{}&#8221;][et_pb_column type=&#8221;4_4&#8243; _builder_version=&#8221;4.27.4&#8243; _module_preset=&#8221;default&#8221; custom_padding_tablet=&#8221;&#8221; custom_padding_phone=&#8221;50px||0px||false|false&#8221; custom_padding_last_edited=&#8221;on|phone&#8221; global_colors_info=&#8221;{}&#8221;][et_pb_text _builder_version=&#8221;4.27.4&#8243; _module_preset=&#8221;default&#8221; text_font=&#8221;BonVivantRegular|500|||||||&#8221; text_text_color=&#8221;#dbb42c&#8221; text_font_size=&#8221;50px&#8221; text_line_height=&#8221;0.8em&#8221; text_orientation=&#8221;center&#8221; custom_margin=&#8221;|||60px|false|false&#8221; custom_margin_tablet=&#8221;|||60px|false|false&#8221; custom_margin_phone=&#8221;||25px|0px|false|false&#8221; custom_margin_last_edited=&#8221;on|phone&#8221; hover_enabled=&#8221;0&#8243; global_colors_info=&#8221;{}&#8221; sticky_enabled=&#8221;0&#8243;]<\/p>\n<p>Esem\u00e9nyek<\/p>\n<p>[\/et_pb_text][et_pb_text _builder_version=&#8221;4.27.4&#8243; _module_preset=&#8221;default&#8221; text_font=&#8221;Poppins|300||on|||||&#8221; text_text_color=&#8221;#FFFFFF&#8221; text_font_size=&#8221;20px&#8221; text_line_height=&#8221;0.8em&#8221; text_orientation=&#8221;center&#8221; custom_margin=&#8221;|||60px|false|false&#8221; custom_margin_tablet=&#8221;|||60px|false|false&#8221; custom_margin_phone=&#8221;|||0px|false|false&#8221; custom_margin_last_edited=&#8221;on|phone&#8221; global_colors_info=&#8221;{}&#8221;]<\/p>\n<p>m\u00e9dia<\/p>\n<p>[\/et_pb_text][\/et_pb_column][\/et_pb_row][et_pb_row use_custom_gutter=&#8221;on&#8221; gutter_width=&#8221;2&#8243; custom_padding_last_edited=&#8221;on|phone&#8221; module_class=&#8221;wpz-gallery-masonry&#8221; _builder_version=&#8221;4.27.4&#8243; _module_preset=&#8221;default&#8221; width=&#8221;100%&#8221; max_width=&#8221;2560px&#8221; custom_margin=&#8221;|auto||auto|false|false&#8221; custom_padding=&#8221;|60px||60px|false|true&#8221; custom_padding_tablet=&#8221;|60px||60px|false|true&#8221; custom_padding_phone=&#8221;|20px||20px|false|true&#8221; global_colors_info=&#8221;{}&#8221;][et_pb_column type=&#8221;4_4&#8243; _builder_version=&#8221;4.26.1&#8243; _module_preset=&#8221;default&#8221; global_colors_info=&#8221;{}&#8221;][et_pb_blog fullwidth=&#8221;off&#8221; posts_number=&#8221;100&#8243; include_categories=&#8221;9&#8243; show_author=&#8221;off&#8221; show_date=&#8221;off&#8221; show_categories=&#8221;off&#8221; masonry_tile_background_color=&#8221;gcid-primary-color&#8221; _builder_version=&#8221;4.27.4&#8243; _module_preset=&#8221;default&#8221; header_font=&#8221;Poppins||||||||&#8221; header_text_color=&#8221;#FFFFFF&#8221; body_font=&#8221;Poppins|300|||||||&#8221; body_text_color=&#8221;#FFFFFF&#8221; border_width_all=&#8221;5px&#8221; border_color_all=&#8221;#FFFFFF&#8221; border_color_all_image=&#8221;#FFFFFF&#8221; border_width_bottom_image=&#8221;5px&#8221; global_colors_info=&#8221;{%22gcid-primary-color%22:%91%22masonry_tile_background_color%22%93}&#8221;][\/et_pb_blog][\/et_pb_column][\/et_pb_row][\/et_pb_section]<\/p>\n","protected":false},"excerpt":{"rendered":"<p>Esem\u00e9nyek\u00c9kszereim sz\u00e1mos k\u00fcl\u00f6nleges esem\u00e9nyen \u00e9s \u00fcnnepi alkalmon megjelentek, legyen sz\u00f3 esk\u00fcv\u0151kr\u0151l, \u00e9vfordul\u00f3kr\u00f3l vagy m\u00e1s fontos pillanatokr\u00f3l. Minden egyes darab hozz\u00e1j\u00e1rulhatott ahhoz, hogy azok az esem\u00e9nyek m\u00e9g eml\u00e9kezetesebbek \u00e9s k\u00fcl\u00f6nlegesebbek legyenek. \u00d6r\u00f6m sz\u00e1momra, hogy a Creabead Design \u00e9kszerei olyan fontos pillanatok r\u00e9sz\u00e9v\u00e9 v\u00e1ltak.Esem\u00e9nyekm\u00e9dia<\/p>","protected":false},"author":1,"featured_media":0,"parent":0,"menu_order":0,"comment_status":"closed","ping_status":"closed","template":"","meta":{"_et_pb_use_builder":"on","_et_pb_old_content":"","_et_gb_content_width":"","footnotes":""},"class_list":["post-366","page","type-page","status-publish","hentry"],"_links":{"self":[{"href":"https:\/\/creabeaddesign.com\/en\/wp-json\/wp\/v2\/pages\/366","targetHints":{"allow":["GET"]}}],"collection":[{"href":"https:\/\/creabeaddesign.com\/en\/wp-json\/wp\/v2\/pages"}],"about":[{"href":"https:\/\/creabeaddesign.com\/en\/wp-json\/wp\/v2\/types\/page"}],"author":[{"embeddable":true,"href":"https:\/\/creabeaddesign.com\/en\/wp-json\/wp\/v2\/users\/1"}],"replies":[{"embeddable":true,"href":"https:\/\/creabeaddesign.com\/en\/wp-json\/wp\/v2\/comments?post=366"}],"version-history":[{"count":15,"href":"https:\/\/creabeaddesign.com\/en\/wp-json\/wp\/v2\/pages\/366\/revisions"}],"predecessor-version":[{"id":840,"href":"https:\/\/creabeaddesign.com\/en\/wp-json\/wp\/v2\/pages\/366\/revisions\/840"}],"wp:attachment":[{"href":"https:\/\/creabeaddesign.com\/en\/wp-json\/wp\/v2\/media?parent=366"}],"curies":[{"name":"wp","href":"https:\/\/api.w.org\/{rel}","templated":true}]}}